{"id":1501,"date":"2015-11-05T09:45:33","date_gmt":"2015-11-05T14:45:33","guid":{"rendered":"https:\/\/wakefieldboutiqueinn.com\/fr\/?page_id=1501"},"modified":"2025-09-25T14:03:49","modified_gmt":"2025-09-25T18:03:49","slug":"welcome","status":"publish","type":"page","link":"https:\/\/lestroiserables.com\/fr\/welcome\/","title":{"rendered":"Bienvenue"},"content":{"rendered":"\r\n<h2><em>Autonne 2025<\/em><\/h2>\r\n<p>Les couleurs d&#8217;automne sont arriv\u00e9es t\u00f4t cette ann\u00e9e et elles sont spectaculaires! Et bonne nouvelle: l&#8217;auberge Mouton Noir rouvrira officiellement ses portes le 10 octobre! Il y a tellement de choses \u00e0 faire autour de Wakefield. Explorez les boutiques du village, les restaurants et tous les lieux de musique avec la rivi\u00e8re Gatineau et les collines en toile de fond. Ou profitez simplement de la vue dans le bain tourbillon sur notre magnifique porche. Wakefield et Les Trois \u00c9rables constituent l&#8217;escapade parfaite dont vous avez besoin!\u200b<\/p>\r\n<p>Pour le moment, nous continuons \u00e0 vous proposer notre petit-d\u00e9jeuner gourmand en boite dans votre chambre \u00e0 un co\u00fbt raisonnable. Il y a un s\u00e9jour minimum de deux nuits, mais des s\u00e9jours d&#8217;une nuit sont possibles avec une prime de 30 $. Veuillez consulter nos <a style=\"font-size: revert;\" href=\"https:\/\/lestroiserables.com\/wp-admin\/post.php?post=1501&amp;action=edit&amp;lang=fr\">Politiques<\/a><span style=\"font-size: revert; color: initial;\"> pour plus de d\u00e9tails.<\/span><\/p>\r\n<p><strong>Bain tourbillon disponible sur notre v\u00e9randa!<\/strong> D\u00e9tendez-vous avec un verre de vin apr\u00e8s une journ\u00e9e bien remplie.<\/p>\r\n<p><img decoding=\"async\" loading=\"lazy\" class=\"alignnone size-full wp-image-2979\" src=\"https:\/\/lestroiserables.com\/wp-content\/uploads\/2020\/11\/20201121_132747.jpg\" alt=\"\" \/><\/p>\r\n<p><strong>Des chargeurs rapides disponibles pour vos v\u00e9hicules \u00e9l\u00e9ctriques!<\/strong><\/p>\r\n<p><img decoding=\"async\" loading=\"lazy\" class=\"alignnone size-full wp-image-3198\" src=\"https:\/\/lestroiserables.com\/wp-content\/uploads\/2023\/10\/20230922_123420-scaled.jpg\" alt=\"\" width=\"1920\" height=\"2560\" srcset=\"https:\/\/lestroiserables.com\/wp-content\/uploads\/2023\/10\/20230922_123420-scaled.jpg 1920w, https:\/\/lestroiserables.com\/wp-content\/uploads\/2023\/10\/20230922_123420-405x540.jpg 405w, https:\/\/lestroiserables.com\/wp-content\/uploads\/2023\/10\/20230922_123420-843x1124.jpg 843w, https:\/\/lestroiserables.com\/wp-content\/uploads\/2023\/10\/20230922_123420-1152x1536.jpg 1152w, https:\/\/lestroiserables.com\/wp-content\/uploads\/2023\/10\/20230922_123420-1536x2048.jpg 1536w, https:\/\/lestroiserables.com\/wp-content\/uploads\/2023\/10\/20230922_123420-350x467.jpg 350w\" sizes=\"auto, (max-width: 1920px) 100vw, 1920px\" \/><\/p>\r\n<p>Nous sommes impatients de vous accueillir de nouveau \u00e0 Les Trois Erables!<\/p>\r\n<p><strong>N&#8217;OUBLIEZ PAS NOS CERTIFICATS CADEAUX ATTRACTIFS &#8211; LE PARFAIT CADEAU!<\/strong><\/p>\r\n<p>________________________________<\/p>\r\n<p>Histoire, confort et \u00e9l\u00e9gance d\u00e9finissent cette magnifique auberge patrimoniale construite en 1896 et situ\u00e9e face \u00e0 la rivi\u00e8re Gatineau au c\u0153ur du beau village de Wakefield &#8211; vingt minutes \u00e0 peine de route au nord d&#8217;Ottawa-Gatineau.<\/p>\r\n<p>Les Trois \u00c9rables a \u00e9t\u00e9 construite par un m\u00e9decin \u00e9minent il y a plus de 125 ans, avec des salles majestueuses et des jardins tranquilles.\u00a0 Elle est maintenant une petite auberge \u00e9l\u00e9gante qui est id\u00e9al pour votre visite \u2013 que vous d\u00e9siriez vous \u00e9loigner de tout et vous d\u00e9tendre pendant quelques jours ou prendre part aux nombreuses activit\u00e9s que la r\u00e9gion de Wakefield vous offre.<\/p>\r\n<p>Combinez cela avec beaucoup de services attention\u00e9s et une hospitalit\u00e9 chaleureuse, et vous verrez que cela pourrait \u00eatre votre escapade id\u00e9ale. \u00a0Mais ne vous fiez pas seulement \u00e0 nous &#8211; lisez certains des commentaires de TripAdvisor de nos clients ant\u00e9rieurs.<\/p>\r\n<p>Wakefield est un endroit sp\u00e9cial et vous verrez pourquoi. \u00a0Un peu boh\u00e8me, tr\u00e8s artistique, c&#8217;est un village riverain nich\u00e9 entre les collines luxuriantes qui semble avoir peu chang\u00e9 au cours du dernier si\u00e8cle.\u00a0\u00a0Avec plusieurs bons restaurants et bars, de la culture et du divertissement qui fait l&#8217;envie des grands centres ainsi que de nombreuses activit\u00e9s de plein air dans la r\u00e9gion \u2013 impossible de ne pas aimer. \u00a0Un r\u00e9el esprit de communaut\u00e9 y r\u00e8gne, ce que les visiteurs ne tardent pas \u00e0 noter quand ils y d\u00e9ambulent.<\/p>\r\n<p>Et le manoir Les Trois \u00c9rables est en plein c\u0153ur de tout cela! \u00a0En face du magasin g\u00e9n\u00e9ral et d&#8217;un excellent restaurant dans l&#8217;ancienne gare, et \u00e0 quelques portes d&#8217;une boulangerie fine et d&#8217;une confiserie. \u00a0\u00c0 seulement quelques minutes de plus \u00e0 pied du reste du village; et aux abords du Parc de la Gatineau!<\/p>\r\n<p>Mais vous choisirez peut-\u00eatre comme tant d&#8217;autres, lors d&#8217;un soir d&#8217;\u00e9t\u00e9 paresseux, de tout simplement vous assoir sur notre grande v\u00e9randa avec un verre de vin et regarder le monde passer. \u00a0Au plaisir!<\/p>\r\n<p>Vos h\u00f4tes, Shana et Bruce<\/p>\r\n<p><em><strong>Explorez Les Trois \u00c9rables avec Google Virtual Tour!<\/strong><\/em><\/p>\r\n<p><iframe loading=\"lazy\" style=\"border: 0;\" src=\"https:\/\/www.google.com\/maps\/embed?pb=!4v1514394144837!6m8!1m7!1sCAoSLEFGMVFpcE16cDFUZ1h4Tzc5alVfUXNPT1RBSzZBcWtrdnZ1eXBXV3U1dWJJ!2m2!1d45.64011119368531!2d-75.92903508886855!3f288.2952370159534!4f0!5f0.7820865974627469\" width=\"600\" height=\"450\" frameborder=\"0\" allowfullscreen=\"allowfullscreen\"><\/iframe><\/p>","protected":false},"excerpt":{"rendered":"<p>Autonne 2025 Les couleurs d&#8217;automne sont arriv\u00e9es t\u00f4t cette ann\u00e9e et elles sont spectaculaires! Et bonne nouvelle: l&#8217;auberge Mouton Noir rouvrira officiellement ses portes le 10 octobre! Il y a tellement de choses \u00e0 faire autour de Wakefield. Explorez les &hellip; <br \/><a href=\"https:\/\/lestroiserables.com\/fr\/welcome\/\" class=\"more-link\">En savoir plus<span class=\"meta-nav\">&nbsp;\u00bb<\/span><\/a><\/p>\n","protected":false},"author":6,"featured_media":2696,"parent":0,"menu_order":1,"comment_status":"closed","ping_status":"closed","template":"front-page.php","meta":{"nf_dc_page":"","footnotes":""},"class_list":["post-1501","page","type-page","status-publish","has-post-thumbnail","hentry"],"_links":{"self":[{"href":"https:\/\/lestroiserables.com\/fr\/wp-json\/wp\/v2\/pages\/1501","targetHints":{"allow":["GET"]}}],"collection":[{"href":"https:\/\/lestroiserables.com\/fr\/wp-json\/wp\/v2\/pages"}],"about":[{"href":"https:\/\/lestroiserables.com\/fr\/wp-json\/wp\/v2\/types\/page"}],"author":[{"embeddable":true,"href":"https:\/\/lestroiserables.com\/fr\/wp-json\/wp\/v2\/users\/6"}],"replies":[{"embeddable":true,"href":"https:\/\/lestroiserables.com\/fr\/wp-json\/wp\/v2\/comments?post=1501"}],"version-history":[{"count":92,"href":"https:\/\/lestroiserables.com\/fr\/wp-json\/wp\/v2\/pages\/1501\/revisions"}],"predecessor-version":[{"id":3542,"href":"https:\/\/lestroiserables.com\/fr\/wp-json\/wp\/v2\/pages\/1501\/revisions\/3542"}],"wp:featuredmedia":[{"embeddable":true,"href":"https:\/\/lestroiserables.com\/fr\/wp-json\/wp\/v2\/media\/2696"}],"wp:attachment":[{"href":"https:\/\/lestroiserables.com\/fr\/wp-json\/wp\/v2\/media?parent=1501"}],"curies":[{"name":"wp","href":"https:\/\/api.w.org\/{rel}","templated":true}]}}