{"id":1504,"date":"2015-11-05T09:46:38","date_gmt":"2015-11-05T14:46:38","guid":{"rendered":"https:\/\/wakefieldboutiqueinn.com\/fr\/?page_id=1504"},"modified":"2020-03-29T18:08:01","modified_gmt":"2020-03-29T22:08:01","slug":"notre-maison","status":"publish","type":"page","link":"https:\/\/lestroiserables.com\/fr\/notre-maison\/","title":{"rendered":"Histoire de Les Trois \u00c9rables"},"content":{"rendered":"<figure id=\"attachment_1110\" aria-describedby=\"caption-attachment-1110\" style=\"width: 380px\" class=\"wp-caption alignright\"><a href=\"https:\/\/wakefieldboutiqueinn.com\/wp-content\/uploads\/2013\/03\/les-trois-erables-bed-1900.jpg\"><img decoding=\"async\" loading=\"lazy\" class=\"wp-image-1110\" src=\"https:\/\/wakefieldboutiqueinn.com\/wp-content\/uploads\/2013\/03\/les-trois-erables-bed-1900.jpg\" alt=\"les-trois-erables-bed-1900\" width=\"380\" height=\"317\" \/><\/a><figcaption id=\"caption-attachment-1110\" class=\"wp-caption-text\">&#8220;The Maples&#8221;, 1900<\/figcaption><\/figure>\n<p>L&#8217;auberge Les Trois \u00c9rables n\u2019est pas seulement une r\u00e9sidence patrimoniale \u2013 c\u2019est aussi une maison remplie d\u2019histoire locale. \u00a0Le manoir a \u00e9t\u00e9 construit en 1896 par le Dr Hans Stevenson, un m\u00e9decin de campagne n\u00e9 \u00e0 Wakefield d\u2019immigrants irlandais.\u00a0 Il a embauch\u00e9 Moses Edey, un architecte de renom d\u2019Ottawa, qui avait aussi con\u00e7u le Pavillon Aberdeen au Parc Lansdowne d\u2019Ottawa, pour faire les plans de la maison.<\/p>\n<p>Lorsque vous viendrez, vous remarquerez l\u2019utilisation que Edey a faite des plafonds \u00e9lev\u00e9s, des magnifiques verri\u00e8res et boiseries.\u00a0 C\u2019est une maison de style Victorien avec une magnifique v\u00e9randa tout autour de la maison et deux tourelles; c\u2019est l\u2019exemple parfait du style architectural de la Reine Anne.\u00a0 Situ\u00e9 aux abords de la rivi\u00e8re au c\u0153ur m\u00eame du village, le manoir Les Trois \u00c9rables est un site historique important de Wakefield.<\/p>\n<p>Le Dr Harold Geggie est venu de Montr\u00e9al \u00e0 Wakefield en 1911 pour faire un internat aupr\u00e8s du Dr Stevenson; puis, lorsque le Dr Stevenson est mort soudainement \u00e0 la fin de cette ann\u00e9e, il a nerveusement pris en charge sa pratique de m\u00e9decine de campagne. \u00a0\u00c9ventuellement, le Dr Geggie a achet\u00e9 le manoir et a m\u00eame \u00e9pous\u00e9 la fille du Dr Stevenson, Ella !\u00a0 Ils ont eu trois fils qui sont tous devenus des m\u00e9decins au sein de la pratique familiale.\u00a0\u00a0 La r\u00e9sidence, que la famille appelait \u00ab\u00a0The Maples\u00a0\u00bb, servait non seulement de domicile pour la famille, mais avait aussi un bureau de m\u00e9decin, une pharmacie, des salles d\u2019examen et d\u2019op\u00e9ration.\u00a0\u00a0 Il \u00e9tait difficile de prendre soin des patients qui vivaient souvent loin dans cette r\u00e9gion rurale.\u00a0 Souvent, le seul mode de transport \u00e9tait la cal\u00e8che tir\u00e9e par un cheval.<\/p>\n<p>Les gens de la r\u00e9gion peuvent encore vous raconter leurs exp\u00e9riences de soins par ces m\u00e9decins, m\u00eame d\u2019avoir accouch\u00e9 dans la maison!\u00a0 Dr. Geggie, qui se d\u00e9crivait comme un simple m\u00e9decin de campagne, s\u2019est plaint de l\u2019absence d\u2019un h\u00f4pital pendant toute sa carri\u00e8re et a pouss\u00e9 pour la cr\u00e9ation d\u2019un h\u00f4pital \u00e0 Wakefield.\u00a0 Ce fut en fait sa mission.\u00a0 Son r\u00eave s\u2019est r\u00e9alis\u00e9 en 1952 lorsque l\u2019H\u00f4pital comm\u00e9moratif de Gatineau a \u00e9t\u00e9 cr\u00e9\u00e9.\u00a0 L\u2019immeuble original est maintenant Le Manoir, une r\u00e9sidence pour les a\u00een\u00e9s \u00e0 quelques pas de l\u2019auberge Les Trois \u00c9rables et \u00e0 l\u2019embouchure de la rivi\u00e8re La P\u00eache.<\/p>\n<div id='gallery-1' class='gallery galleryid-1504 gallery-columns-3 gallery-size-medium'><figure class='gallery-item'>\n\t\t\t<div class='gallery-icon landscape'>\n\t\t\t\t<img loading=\"lazy\" decoding=\"async\" width=\"540\" height=\"405\" src=\"https:\/\/lestroiserables.com\/wp-content\/uploads\/2013\/03\/20170801_125851-3-540x405.jpg\" class=\"attachment-medium size-medium\" alt=\"\" aria-describedby=\"gallery-1-2528\" srcset=\"https:\/\/lestroiserables.com\/wp-content\/uploads\/2013\/03\/20170801_125851-3-540x405.jpg 540w, https:\/\/lestroiserables.com\/wp-content\/uploads\/2013\/03\/20170801_125851-3.jpg 1124w, https:\/\/lestroiserables.com\/wp-content\/uploads\/2013\/03\/20170801_125851-3-350x263.jpg 350w\" sizes=\"auto, (max-width: 540px) 100vw, 540px\" \/>\n\t\t\t<\/div>\n\t\t\t\t<figcaption class='wp-caption-text gallery-caption' id='gallery-1-2528'>\n\t\t\t\theritage house\n\t\t\t\t<\/figcaption><\/figure><figure class='gallery-item'>\n\t\t\t<div class='gallery-icon portrait'>\n\t\t\t\t<img loading=\"lazy\" decoding=\"async\" width=\"353\" height=\"540\" src=\"https:\/\/lestroiserables.com\/wp-content\/uploads\/2013\/03\/extra-mile-353x540.jpg\" class=\"attachment-medium size-medium\" alt=\"\" aria-describedby=\"gallery-1-2707\" srcset=\"https:\/\/lestroiserables.com\/wp-content\/uploads\/2013\/03\/extra-mile-353x540.jpg 353w, https:\/\/lestroiserables.com\/wp-content\/uploads\/2013\/03\/extra-mile-350x536.jpg 350w, https:\/\/lestroiserables.com\/wp-content\/uploads\/2013\/03\/extra-mile.jpg 418w\" sizes=\"auto, (max-width: 353px) 100vw, 353px\" \/>\n\t\t\t<\/div>\n\t\t\t\t<figcaption class='wp-caption-text gallery-caption' id='gallery-1-2707'>\n\t\t\t\tDr Geggie&#8217;s journals (available at Les Trois \u00c9rables)\n\t\t\t\t<\/figcaption><\/figure><figure class='gallery-item'>\n\t\t\t<div class='gallery-icon portrait'>\n\t\t\t\t<img loading=\"lazy\" decoding=\"async\" width=\"360\" height=\"540\" src=\"https:\/\/lestroiserables.com\/wp-content\/uploads\/2015\/02\/IMG_0035-360x540.jpg\" class=\"attachment-medium size-medium\" alt=\"\" aria-describedby=\"gallery-1-2696\" srcset=\"https:\/\/lestroiserables.com\/wp-content\/uploads\/2015\/02\/IMG_0035-360x540.jpg 360w, https:\/\/lestroiserables.com\/wp-content\/uploads\/2015\/02\/IMG_0035-350x525.jpg 350w, https:\/\/lestroiserables.com\/wp-content\/uploads\/2015\/02\/IMG_0035.jpg 533w\" sizes=\"auto, (max-width: 360px) 100vw, 360px\" \/>\n\t\t\t<\/div>\n\t\t\t\t<figcaption class='wp-caption-text gallery-caption' id='gallery-1-2696'>\n\t\t\t\tGeggie room\n\t\t\t\t<\/figcaption><\/figure>\n\t\t<\/div>\n\n<p>La r\u00e9sidence est demeur\u00e9e la propri\u00e9t\u00e9 de la famille Geggie \u00e0 titre de \u201cmaison des m\u00e9decins\u201d jusqu\u2019en 1980.\u00a0 Par la suite, elle a \u00e9t\u00e9 transform\u00e9e en gite du passant tout en maintenant la vision de Moses Edey d\u2019un manoir n\u00e9o-Victorien Reine Anne.\u00a0 Plusieurs membres de la famille Geggie vivent toujours dans la communaut\u00e9.\u00a0 Pour obtenir plus de renseignements quant \u00e0 l\u2019historique de la r\u00e9sidence et de la communaut\u00e9, lisez les publications de Norma Geggie, bru du Dr Harold, qui promeut toujours les causes historiques et sociales dans la r\u00e9gion.\u00a0 Vous pouvez lire <a href=\"http:\/\/www.gvhs.ca\/digital\/lowdown\/were\/display.php?row=0&amp;search=10\" target=\"_blank\" rel=\"noopener noreferrer\">l&#8217;hommage qu&#8217;elle a fait<\/a>\u00a0envers le Dr. Geggie lors du 100e anniversaire de son arriv\u00e9e \u00e0 Wakefield en 1911.<\/p>\n<p>Venez d\u00e9couvrir l\u2019histoire du manoir Les Trois \u00c9rables vous-m\u00eame.\u00a0 Nous avons de nombreuses photographies historiques ainsi que des artefacts dans la cuisine des invit\u00e9s; de plus, nous avons plac\u00e9 une copie de ses M\u00e9moires (relat\u00e9s par Norma Geggie) dans chaque chambre.<\/p>\n","protected":false},"excerpt":{"rendered":"<p>L&#8217;auberge Les Trois \u00c9rables n\u2019est pas seulement une r\u00e9sidence patrimoniale \u2013 c\u2019est aussi une maison remplie d\u2019histoire locale. \u00a0Le manoir a \u00e9t\u00e9 construit en 1896 par le Dr Hans Stevenson, un m\u00e9decin de campagne n\u00e9 \u00e0 Wakefield d\u2019immigrants irlandais.\u00a0 Il &hellip; <br \/><a href=\"https:\/\/lestroiserables.com\/fr\/notre-maison\/\" class=\"more-link\">En savoir plus<span class=\"meta-nav\">&nbsp;\u00bb<\/span><\/a><\/p>\n","protected":false},"author":6,"featured_media":0,"parent":0,"menu_order":2,"comment_status":"closed","ping_status":"closed","template":"","meta":{"nf_dc_page":"","footnotes":""},"class_list":["post-1504","page","type-page","status-publish","hentry"],"_links":{"self":[{"href":"https:\/\/lestroiserables.com\/fr\/wp-json\/wp\/v2\/pages\/1504","targetHints":{"allow":["GET"]}}],"collection":[{"href":"https:\/\/lestroiserables.com\/fr\/wp-json\/wp\/v2\/pages"}],"about":[{"href":"https:\/\/lestroiserables.com\/fr\/wp-json\/wp\/v2\/types\/page"}],"author":[{"embeddable":true,"href":"https:\/\/lestroiserables.com\/fr\/wp-json\/wp\/v2\/users\/6"}],"replies":[{"embeddable":true,"href":"https:\/\/lestroiserables.com\/fr\/wp-json\/wp\/v2\/comments?post=1504"}],"version-history":[{"count":9,"href":"https:\/\/lestroiserables.com\/fr\/wp-json\/wp\/v2\/pages\/1504\/revisions"}],"predecessor-version":[{"id":2714,"href":"https:\/\/lestroiserables.com\/fr\/wp-json\/wp\/v2\/pages\/1504\/revisions\/2714"}],"wp:attachment":[{"href":"https:\/\/lestroiserables.com\/fr\/wp-json\/wp\/v2\/media?parent=1504"}],"curies":[{"name":"wp","href":"https:\/\/api.w.org\/{rel}","templated":true}]}}