{"id":1510,"date":"2015-11-05T09:49:00","date_gmt":"2015-11-05T14:49:00","guid":{"rendered":"https:\/\/wakefieldboutiqueinn.com\/fr\/?page_id=1510"},"modified":"2025-08-30T16:15:19","modified_gmt":"2025-08-30T20:15:19","slug":"nos-services","status":"publish","type":"page","link":"https:\/\/lestroiserables.com\/fr\/nos-services\/","title":{"rendered":"Nos services"},"content":{"rendered":"<div class=\"responsive-tabs\">\n<h2 class=\"tabtitle\">Petit-d\u00e9jeuner<\/h2>\n<div class=\"tabcontent\">\n\n<div id=\"breakfast\">\n<h2>Petit-d\u00e9jeuner<\/h2>\n<p>Nous continuons d&#8217;offrir nos populaires et \u00e9l\u00e9gants petits-d\u00e9jeuners en bo\u00eete \u00ab \u00e0 emporter \u00bb, un d\u00e9licieux d\u00e9but de matin\u00e9e. Les grands d\u00e9jeuners sont \u00e0 22 $, qui comprennent du jus, des fruits frais, du yogourt, du granola maison, du fromage, une p\u00e2tisserie maison et un plat d&#8217;\u0153ufs. Les petits d\u00e9jeuners sont \u00e0 12 $, qui comprennent du jus, des fruits frais, du fromage et une p\u00e2tisserie maison. R\u00e9servez lorsque vous r\u00e9servez en ligne avec nous, ou directement avec Shana jusqu&#8217;\u00e0 une journ\u00e9e \u00e0 l&#8217;avance.<\/p>\n<p>Le petit-d\u00e9jeuner peut \u00eatre d\u00e9gust\u00e9 o\u00f9 vous le souhaitez &#8211; dans notre salle \u00e0 manger pour les invit\u00e9s, sur notre v\u00e9randa, dans les jardins ou dans votre chambre. Et du caf\u00e9 gratuit est toujours disponible dans votre chambre! Nous appuyons les fermiers locaux et utilisons des ingr\u00e9dients locaux autant que possible.\u00a0 Malheureuesement nous ne pouvons pas r\u00e9pondre \u00e0 des allergies ou aux besoins alimentaires sp\u00e9ciaux.<\/p>\n<div id='gallery-1' class='gallery galleryid-1510 gallery-columns-3 gallery-size-thumbnail'><figure class='gallery-item'>\n\t\t\t<div class='gallery-icon portrait'>\n\t\t\t\t<a href='https:\/\/lestroiserables.com\/fr\/nos-services\/img_0007\/'><img loading=\"lazy\" decoding=\"async\" width=\"360\" height=\"240\" src=\"https:\/\/lestroiserables.com\/wp-content\/uploads\/2013\/03\/IMG_0007-360x240.jpg\" class=\"attachment-thumbnail size-thumbnail\" alt=\"\" \/><\/a>\n\t\t\t<\/div><\/figure><figure class='gallery-item'>\n\t\t\t<div class='gallery-icon landscape'>\n\t\t\t\t<a href='https:\/\/lestroiserables.com\/fr\/nos-services\/_dsf7920-2-2\/'><img loading=\"lazy\" decoding=\"async\" width=\"360\" height=\"240\" src=\"https:\/\/lestroiserables.com\/wp-content\/uploads\/2013\/03\/DSF79202-360x240.jpg\" class=\"attachment-thumbnail size-thumbnail\" alt=\"\" srcset=\"https:\/\/lestroiserables.com\/wp-content\/uploads\/2013\/03\/DSF79202-360x240.jpg 360w, https:\/\/lestroiserables.com\/wp-content\/uploads\/2013\/03\/DSF79202-540x360.jpg 540w, https:\/\/lestroiserables.com\/wp-content\/uploads\/2013\/03\/DSF79202-350x233.jpg 350w, https:\/\/lestroiserables.com\/wp-content\/uploads\/2013\/03\/DSF79202.jpg 800w\" sizes=\"auto, (max-width: 360px) 100vw, 360px\" \/><\/a>\n\t\t\t<\/div><\/figure>\n\t\t<\/div>\n\n<p><a class=\"book-now\" href=\"https:\/\/lestroiserables.com\/fr\/nous-joindre\/\" target=\"_parent\" rel=\"noopener noreferrer\">R\u00e9servez maintenant\u00a0<\/a><\/p>\n<\/div>\n\n<\/div><h2 class=\"tabtitle\">Am\u00e9nagements<\/h2>\n<div class=\"tabcontent\">\n\n<div id=\"amenities\">\n<h2>Am\u00e9nagements<\/h2>\n<p>Si vous recherchiez seulement un endroit o\u00f9 passer la nuit, vous choisiriez un h\u00f4tel.\u00a0 Ainsi, au manoir Les Trois \u00c9rables nous cherchons constamment \u00e0 vous offrir les petites choses qui font de votre escapade un s\u00e9jour m\u00e9morable. Les petits luxes d\u00e9passent les lits confortables dans un manoir patrimonial et les petits-d\u00e9jeuners gourmets.\u00a0 Vous aurez acc\u00e8s \u00e0 de vastes espaces communs &#8211; une \u00e9l\u00e9gante salle \u00e0 manger, un salon majestueux, une cuisine pour les invit\u00e9s, un v\u00e9randa magnifique et bien s\u00fbr nos beaux jardins pour se promener et se d\u00e9tendre. \u00a0Vous recevrez aussi maintes petites attentions non intrusives qui veillent \u00e0 ce que vos besoins soient satisfaits \u2013 vous \u00eates les invit\u00e9s chez nous!\u00a0 Et, nous pourrions m\u00eame nous asseoir avec vous pour jaser en prenant un petit verre de vin.<\/p>\n<div id='gallery-2' class='gallery galleryid-1510 gallery-columns-3 gallery-size-thumbnail'><figure class='gallery-item'>\n\t\t\t<div class='gallery-icon portrait'>\n\t\t\t\t<a href='https:\/\/lestroiserables.com\/fr\/welcome\/img_1661\/'><img loading=\"lazy\" decoding=\"async\" width=\"360\" height=\"240\" src=\"https:\/\/lestroiserables.com\/wp-content\/uploads\/2013\/03\/IMG_1661-360x240.jpg\" class=\"attachment-thumbnail size-thumbnail\" alt=\"\" \/><\/a>\n\t\t\t<\/div><\/figure><figure class='gallery-item'>\n\t\t\t<div class='gallery-icon portrait'>\n\t\t\t\t<a href='https:\/\/lestroiserables.com\/fr\/welcome\/_dsf7972\/'><img loading=\"lazy\" decoding=\"async\" width=\"360\" height=\"240\" src=\"https:\/\/lestroiserables.com\/wp-content\/uploads\/2013\/03\/DSF7972-360x240.jpg\" class=\"attachment-thumbnail size-thumbnail\" alt=\"\" \/><\/a>\n\t\t\t<\/div><\/figure><figure class='gallery-item'>\n\t\t\t<div class='gallery-icon portrait'>\n\t\t\t\t<a href='https:\/\/lestroiserables.com\/fr\/nos-chambres\/untitled-0105\/'><img loading=\"lazy\" decoding=\"async\" width=\"360\" height=\"240\" src=\"https:\/\/lestroiserables.com\/wp-content\/uploads\/2013\/03\/untitled-0105-360x240.jpg\" class=\"attachment-thumbnail size-thumbnail\" alt=\"\" \/><\/a>\n\t\t\t<\/div><\/figure><figure class='gallery-item'>\n\t\t\t<div class='gallery-icon landscape'>\n\t\t\t\t<a href='https:\/\/lestroiserables.com\/fr\/nos-services\/img_1657\/'><img loading=\"lazy\" decoding=\"async\" width=\"360\" height=\"240\" src=\"https:\/\/lestroiserables.com\/wp-content\/uploads\/2013\/03\/IMG_1657-360x240.jpg\" class=\"attachment-thumbnail size-thumbnail\" alt=\"\" \/><\/a>\n\t\t\t<\/div><\/figure>\n\t\t<\/div>\n\n<p>Voici quelques-uns des am\u00e9nagements que nous offrons afin de rendre votre s\u00e9jour encore plus sp\u00e9cial :<\/p>\n<ul>\n<li>Des fleurs fra\u00eeches en tout temps dans les zones d&#8217;accueil<\/li>\n<li>Des d\u00e9corations saisonni\u00e8res (lumi\u00e8res de No\u00ebl, la r\u00e9colte d&#8217;automne, les jardins d&#8217;\u00e9t\u00e9)<\/li>\n<li>Des\u00a0serviettes \u00e9paisses et des peignoirs en peluche dans chaque chambre<\/li>\n<li>Des cintres en bois et rembourr\u00e9s dans chaque chambre<\/li>\n<li>Purificateurs d&#8217;air dans chaque chambre<\/li>\n<li>Machines \u00e0 caf\u00e9 dans chaque chambre<\/li>\n<li>Une \u00abbiblioth\u00e8que d&#8217;oreiller&#8221; pour r\u00e9pondre aux go\u00fbts de sommeil diff\u00e9rents<\/li>\n<li>Des pantoufles<\/li>\n<li>Un matelas de haute qualit\u00e9 avec des couvertures luxueuses<\/li>\n<li>Des draps press\u00e9s de contexture \u00e9lev\u00e9e en \u00e9t\u00e9, du toison confortable en hiver<\/li>\n<li>Des savons et des sels de bain locaux faits \u00e0 la main<\/li>\n<li>Une biblioth\u00e8que bien garnie (mat\u00e9riaux en anglais et en fran\u00e7ais)<\/li>\n<li>Acc\u00e8s \u00e0 l&#8217;Internet sans fil<\/li>\n<li>Des petits bureaux, r\u00e9frig\u00e9rateurs et t\u00e9l\u00e9vsions dans nos trois grandes chambres<\/li>\n<li>R\u00e9frig\u00e9rateur, four grille-pain, four micro-ondes et vaisselle\/couvert\/verres disponibles dans la cuisine des invit\u00e9s<\/li>\n<li>Caf\u00e9, th\u00e9, boissons gazeuses, eau, biscuits faits maison (!) toujours disponibles dans la cuisine des invit\u00e9s<\/li>\n<li>Planche \u00e0 repasser et fer \u00e0 repasser \u00e0 chaque \u00e9tage<\/li>\n<li>V\u00e9los, cano\u00eb, kayaks \u00e0 la disposition des invit\u00e9s<\/li>\n<li>Entreposage s\u00e9curitaire des v\u00e9los, skis, etc.<\/li>\n<li>Parapluies \u00e0 l&#8217;entr\u00e9e<\/li>\n<li>Panier des articles de toilette pour les articles souvent oubli\u00e9s<\/li>\n<li>Service de conciergerie (r\u00e9servation? \u00a0O\u00f9 aller? Quoi faire? \u00a0Il nous fera grand plaisir de vous recommander l\u2019un des excellents restaurants de Wakefield et de faire les r\u00e9servations pour vous.<\/li>\n<\/ul>\n<p><a class=\"book-now\" href=\"https:\/\/lestroiserables.com\/fr\/nous-joindre\/\" target=\"_parent\" rel=\"noopener noreferrer\">R\u00e9servez maintenant<\/a><\/p>\n<\/div>\n\n<\/div><h2 class=\"tabtitle\">R\u00e9unions d'affaires<\/h2>\n<div class=\"tabcontent\">\n\n<div id=\"business-meetings\" class=\"content-box-darkbrown\">\n<h2>R\u00e9unions d&#8217;affaires<\/h2>\n<p><a href=\"https:\/\/wakefieldboutiqueinn.com\/wp-content\/uploads\/2013\/03\/Dining-Room-2.jpg\"><img decoding=\"async\" loading=\"lazy\" class=\"alignnone size-medium wp-image-545\" src=\"https:\/\/wakefieldboutiqueinn.com\/wp-content\/uploads\/2013\/03\/Dining-Room-2-540x405.jpg\" alt=\"Dining Room 2\" width=\"540\" height=\"405\" \/><\/a><\/p>\n<p>Nous accueillons les voyageurs d&#8217;affaires au manoir Les Trois \u00c9rables plus souvent que vous ne le pensez. \u00a0Et pourquoi pas &#8212; nous sommes situ\u00e9s \u00e0 Wakefield, proche d&#8217;Ottawa-Gatineau, avec un acc\u00e8s \u00e0 l&#8217;Internet gratuit, un bureau dans la grande salle ainsi que le calme et la tranquillit\u00e9 propice \u00e0 un travail productif quand vous en avez besoin. Nous sommes bien \u00e9quip\u00e9s pour vos r\u00e9unions en petits groupes et les retraites.\u00a0\u00a0 Pour les plus grands groupes d&#8217;entre dix et quatorze personnes, nous pouvons \u00e9galement mettre en place la salle \u00e0 manger ou notre salon \u00e9l\u00e9gant. Appelez-nous pour conna\u00eetre les taux pour les r\u00e9unions d&#8217;une journ\u00e9e ou les forfaits qui incluent des nuit\u00e9es.\u00a0\u00a0Faites-nous part de vos besoins et nous ferons de notre mieux pour y r\u00e9pondre.<\/p>\n<p><a class=\"book-now\" href=\"https:\/\/lestroiserables.com\/fr\/nous-joindre\/\" target=\"_parent\" rel=\"noopener noreferrer\">R\u00e9servez maintenant\u00a0<\/a><\/p>\n<\/div>\n\n<\/div><h2 class=\"tabtitle\">Mariages et \u00e9v\u00e9nements de groupe<\/h2>\n<div class=\"tabcontent\">\n\n<div id=\"weddings-group-events\">\n<h2>Mariages et \u00e9v\u00e9nements de groupe<\/h2>\n<p>Le manoir Les Trois \u00c9rables est l&#8217;endroit id\u00e9al pour votre mariage. \u00a0Durant la belle saison, nos magnifiques jardins offrent aires et des sentiers qui sont parfaits pour votre c\u00e9r\u00e9monie.\u00a0 Vous pouvez monter une tente et nous avons des tables, des chaises, de la coutellerie et des verres pour accommoder jusqu\u2019\u00e0 soixante-dix personnes. Vous pouvez aussi choisir une plus petite c\u00e9r\u00e9monie avec un coquetel dans notre \u00e9l\u00e9gant salon \u2013 jusqu\u2019\u00e0 trente personnes.\u00a0 Les escaliers majestueux peuvent servir d\u2019excellent fond de sc\u00e8ne! Que vous d\u00e9siriez organiser le tout \u00e0 l\u2019int\u00e9rieur ou \u00e0 l\u2019ext\u00e9rieur, nous pouvons accommoder votre \u00e9v\u00e9nement et prendre toutes les dispositions n\u00e9cessaires.\u00a0 Appelez-nous si vous d\u00e9sirez visiter le site et obtenir une estimation des co\u00fbts.<\/p>\n<div id='gallery-3' class='gallery galleryid-1510 gallery-columns-3 gallery-size-thumbnail'><figure class='gallery-item'>\n\t\t\t<div class='gallery-icon portrait'>\n\t\t\t\t<a href='https:\/\/lestroiserables.com\/fr\/nos-services\/img_0007\/'><img loading=\"lazy\" decoding=\"async\" width=\"360\" height=\"240\" src=\"https:\/\/lestroiserables.com\/wp-content\/uploads\/2013\/03\/IMG_0007-360x240.jpg\" class=\"attachment-thumbnail size-thumbnail\" alt=\"\" \/><\/a>\n\t\t\t<\/div><\/figure><figure class='gallery-item'>\n\t\t\t<div class='gallery-icon landscape'>\n\t\t\t\t<a href='https:\/\/lestroiserables.com\/fr\/welcome\/img_0127\/'><img loading=\"lazy\" decoding=\"async\" width=\"360\" height=\"240\" src=\"https:\/\/lestroiserables.com\/wp-content\/uploads\/2013\/03\/IMG_0127-360x240.jpg\" class=\"attachment-thumbnail size-thumbnail\" alt=\"\" \/><\/a>\n\t\t\t<\/div><\/figure><figure class='gallery-item'>\n\t\t\t<div class='gallery-icon landscape'>\n\t\t\t\t<a href='https:\/\/lestroiserables.com\/fr\/welcome\/img_0125\/'><img loading=\"lazy\" decoding=\"async\" width=\"360\" height=\"240\" src=\"https:\/\/lestroiserables.com\/wp-content\/uploads\/2013\/03\/IMG_0125-360x240.jpg\" class=\"attachment-thumbnail size-thumbnail\" alt=\"\" \/><\/a>\n\t\t\t<\/div><\/figure><figure class='gallery-item'>\n\t\t\t<div class='gallery-icon landscape'>\n\t\t\t\t<a href='https:\/\/lestroiserables.com\/fr\/welcome\/img_0122\/'><img loading=\"lazy\" decoding=\"async\" width=\"360\" height=\"240\" src=\"https:\/\/lestroiserables.com\/wp-content\/uploads\/2013\/03\/IMG_0122-360x240.jpg\" class=\"attachment-thumbnail size-thumbnail\" alt=\"\" \/><\/a>\n\t\t\t<\/div><\/figure><figure class='gallery-item'>\n\t\t\t<div class='gallery-icon landscape'>\n\t\t\t\t<a href='https:\/\/lestroiserables.com\/fr\/121\/'><img loading=\"lazy\" decoding=\"async\" width=\"360\" height=\"240\" src=\"https:\/\/lestroiserables.com\/wp-content\/uploads\/2024\/06\/121-360x240.webp\" class=\"attachment-thumbnail size-thumbnail\" alt=\"\" srcset=\"https:\/\/lestroiserables.com\/wp-content\/uploads\/2024\/06\/121-360x240.webp 360w, https:\/\/lestroiserables.com\/wp-content\/uploads\/2024\/06\/121-540x360.webp 540w, https:\/\/lestroiserables.com\/wp-content\/uploads\/2024\/06\/121-350x233.webp 350w, https:\/\/lestroiserables.com\/wp-content\/uploads\/2024\/06\/121.webp 1000w\" sizes=\"auto, (max-width: 360px) 100vw, 360px\" \/><\/a>\n\t\t\t<\/div><\/figure>\n\t\t<\/div>\n\n<p>Si vous recherchez un site plus grand pour votre mariage, il y a d\u2019autres endroits superbes dans la r\u00e9gion. \u00a0Par exemple\u00a0:<\/p>\n<ul>\n<li><a href=\"http:\/\/www.le-belvedere.ca\/\" target=\"_blank\" rel=\"noopener noreferrer\">Le Belv\u00e9d\u00e8re<\/a><\/li>\n<li><a href=\"http:\/\/wakefieldmill.com\/fr\/mariages.aspx\" target=\"_blank\" rel=\"noopener noreferrer\">Le Moulin Wakefield<\/a><\/li>\n<li><a href=\"http:\/\/www.arkwedding.com\/\" target=\"_blank\" rel=\"noopener noreferrer\">The Ark<\/a><\/li>\n<li><a href=\"http:\/\/the-barn.ca\/weddings\/\" target=\"_blank\" rel=\"noopener noreferrer\">The Barn<\/a><\/li>\n<\/ul>\n<p>Les invit\u00e9s qui viennent dans la r\u00e9gion pour ces \u00e9v\u00e9nements font souvent des r\u00e9servations aupr\u00e8s de nous et nous serons ravis d\u2019organiser des activit\u00e9s de groupe associ\u00e9es \u00e0 l\u2019\u00e9v\u00e9nement.\u00a0 Les membres du cort\u00e8ge nuptial utilisent souvent le manoir pour effectuer leurs pr\u00e9paratifs avant le mariage. Nous pouvons aussi accueillir des groupes pour des f\u00eates, des anniversaires, des r\u00e9unions de familles, des f\u00eates de retraite, les c\u00e9l\u00e9brations de vie &#8211; \u00e0 votre choix!<\/p>\n<p><a class=\"book-now\" href=\"https:\/\/lestroiserables.com\/fr\/nous-joindre\/\" target=\"_parent\" rel=\"noopener noreferrer\">R\u00e9servez maintenant\u00a0<\/a><\/p>\n<\/div>\n\n<\/div><h2 class=\"tabtitle\">\u00c9v\u00e9nements sp\u00e9ciaux<\/h2>\n<div class=\"tabcontent\">\n\n<h2>\u00c9v\u00e9nements sp\u00e9ciaux<\/h2>\n<p>Nous organisons parfois des \u00e9v\u00e9nements sp\u00e9ciaux au manoir Les Trois \u00c9rables.\u00a0 Restez chez nous et profitez-en bien.\u00a0 Visitez notre site Internet pour les annonces, ou inscrivez-vous \u00e0 notre liste de distribution en ligne; vous serez donc les premiers \u00e0 \u00eatre avis\u00e9s.\u00a0 Ou, regroupez quelques amis et laissez-nous organiser l\u2019\u00e9v\u00e9nement sp\u00e9cial pour vous. Voici quelques exemples :<\/p>\n<ul>\n<li>Soir\u00e9e culinaire pour des groupes allant jusqu\u2019\u00e0 8 personnes \u2013 une le\u00e7on de cuisine offerte par un chef de la r\u00e9gion suivi d\u2019un d\u00eener avec vin;<\/li>\n<li>Soir\u00e9es de d\u00e9gustation de vins pour des groupes allant jusqu\u2019\u00e0 8 personnes \u2013 d\u00e9gustez divers vins de partout au monde avec un sommelier local;<\/li>\n<li>Retraite de yoga dans le jardin<\/li>\n<li>Concert maison<\/li>\n<li>Soir\u00e9e meurtre-myst\u00e8re<\/li>\n<li>Autre? (Dites-nous ce que vous recherchez et nous verrons comment nous pouvons r\u00e9pondre \u00e0 vos besoins)<\/li>\n<\/ul>\n<div id=\"special-events\">\n<div id='gallery-4' class='gallery galleryid-1510 gallery-columns-3 gallery-size-thumbnail'><figure class='gallery-item'>\n\t\t\t<div class='gallery-icon landscape'>\n\t\t\t\t<a href='https:\/\/lestroiserables.com\/fr\/packages\/forfait-sur-mesure\/yoga-1-2\/'>yoga 1<\/a>\n\t\t\t<\/div><\/figure><figure class='gallery-item'>\n\t\t\t<div class='gallery-icon landscape'>\n\t\t\t\t<a href='https:\/\/lestroiserables.com\/fr\/nos-services\/house-concert-1\/'><img loading=\"lazy\" decoding=\"async\" width=\"360\" height=\"235\" src=\"https:\/\/lestroiserables.com\/wp-content\/uploads\/2013\/03\/house-concert-1-360x235.jpg\" class=\"attachment-thumbnail size-thumbnail\" alt=\"\" srcset=\"https:\/\/lestroiserables.com\/wp-content\/uploads\/2013\/03\/house-concert-1.jpg 360w, https:\/\/lestroiserables.com\/wp-content\/uploads\/2013\/03\/house-concert-1-350x228.jpg 350w\" sizes=\"auto, (max-width: 360px) 100vw, 360px\" \/><\/a>\n\t\t\t<\/div><\/figure>\n\t\t<\/div>\n\n<p><a class=\"book-now\" href=\"https:\/\/lestroiserables.com\/fr\/nous-joindre\/\" target=\"_parent\" rel=\"noopener noreferrer\">R\u00e9servez maintenant\u00a0<\/a><\/p>\n<\/div>\n<\/div><\/div>\n","protected":false},"excerpt":{"rendered":"<p>Petit-d\u00e9jeuner Nous continuons d&#8217;offrir nos populaires et \u00e9l\u00e9gants petits-d\u00e9jeuners en bo\u00eete \u00ab \u00e0 emporter \u00bb, un d\u00e9licieux d\u00e9but de matin\u00e9e. Les grands d\u00e9jeuners sont \u00e0 22 $, qui comprennent du jus, des fruits frais, du yogourt, du granola maison, du &hellip; <br \/><a href=\"https:\/\/lestroiserables.com\/fr\/nos-services\/\" class=\"more-link\">En savoir plus<span class=\"meta-nav\">&nbsp;\u00bb<\/span><\/a><\/p>\n","protected":false},"author":6,"featured_media":0,"parent":0,"menu_order":5,"comment_status":"closed","ping_status":"closed","template":"","meta":{"nf_dc_page":"","footnotes":""},"class_list":["post-1510","page","type-page","status-publish","hentry"],"_links":{"self":[{"href":"https:\/\/lestroiserables.com\/fr\/wp-json\/wp\/v2\/pages\/1510","targetHints":{"allow":["GET"]}}],"collection":[{"href":"https:\/\/lestroiserables.com\/fr\/wp-json\/wp\/v2\/pages"}],"about":[{"href":"https:\/\/lestroiserables.com\/fr\/wp-json\/wp\/v2\/types\/page"}],"author":[{"embeddable":true,"href":"https:\/\/lestroiserables.com\/fr\/wp-json\/wp\/v2\/users\/6"}],"replies":[{"embeddable":true,"href":"https:\/\/lestroiserables.com\/fr\/wp-json\/wp\/v2\/comments?post=1510"}],"version-history":[{"count":30,"href":"https:\/\/lestroiserables.com\/fr\/wp-json\/wp\/v2\/pages\/1510\/revisions"}],"predecessor-version":[{"id":3539,"href":"https:\/\/lestroiserables.com\/fr\/wp-json\/wp\/v2\/pages\/1510\/revisions\/3539"}],"wp:attachment":[{"href":"https:\/\/lestroiserables.com\/fr\/wp-json\/wp\/v2\/media?parent=1510"}],"curies":[{"name":"wp","href":"https:\/\/api.w.org\/{rel}","templated":true}]}}