{"id":1516,"date":"2015-11-05T09:51:41","date_gmt":"2015-11-05T14:51:41","guid":{"rendered":"https:\/\/wakefieldboutiqueinn.com\/fr\/?page_id=1516"},"modified":"2023-01-27T11:29:06","modified_gmt":"2023-01-27T16:29:06","slug":"nous-joindre","status":"publish","type":"page","link":"https:\/\/lestroiserables.com\/fr\/nous-joindre\/","title":{"rendered":"Nous joindre"},"content":{"rendered":"<p><iframe loading=\"lazy\" style=\"border: 0;\" src=\"https:\/\/www.google.com\/maps\/embed?pb=!1m18!1m12!1m3!1d5166.857614937593!2d-75.93272912995434!3d45.639109000154136!2m3!1f0!2f0!3f0!3m2!1i1024!2i768!4f13.1!3m3!1m2!1s0x4cd1e7f6db1a162b%3A0xed84fb085a0a6bcd!2sTrois%20Erables!5e0!3m2!1sen!2sca!4v1581281867642!5m2!1sen!2sca\" width=\"600\" height=\"450\" frameborder=\"0\" allowfullscreen=\"allowfullscreen\"><\/iframe><\/p>\n<div class=\"half\">\n<h2>Emplacement<\/h2>\n<p>Les Trois \u00c9rables<br \/>\n801 ch Riverside<br \/>\nWakefield (Qu\u00e9bec)<br \/>\nCanada<br \/>\nJ0X 3G0<\/p>\n<p>T\u00e9l\u00e9phone : <a href=\"tel:+18194591118\">819-459-1118<\/a><\/p>\n<p><a href=\"mailto:info@lestroiserables.com\">reservations@lestroiserables.com<\/a><\/p>\n<p><a href=\"https:\/\/wakefieldboutiqueinn.com\">www.lestroiserables.com<\/a><\/p>\n<h2><\/h2>\n<h2>R\u00e9servations<\/h2>\n<p>Veuillez consulter <a href=\"https:\/\/wakefieldboutiqueinn.com\/fr\/nos-chambres\/\">le calendrier<\/a> pour obtenir la disponibilit\u00e9 de la chambre ou des chambres que vous aimeriez r\u00e9server.\u00a0 Puis, appelez ou envoyez un courriel pour faire vos r\u00e9servations.\u00a0 Nous pouvons confirmer imm\u00e9diatement et r\u00e9pondre aux questions que vous pourriez avoir quant \u00e0 votre s\u00e9jour.\u00a0 Nous aimons ajouter une petite touche personnelle!<\/p>\n<p>Pour faire des r\u00e9servations, composez le 819-459-1118 ou par courriel au <a href=\"mailto:info@lestroiserables.com\">reservations@lestroiserables.com<\/a> \u2013 le casier d&#8217;\u00e0 c\u00f4t\u00e9 vise \u00e0 vous faciliter la t\u00e2che.<\/p>\n<\/div>\n<div class=\"half half-form\">\n<h2><\/h2>\n<h2>Formulaire de contact<\/h2>\n\n<div class=\"wpcf7 no-js\" id=\"wpcf7-f1645-o1\" lang=\"en-US\" dir=\"ltr\" data-wpcf7-id=\"1645\">\n<div class=\"screen-reader-response\"><p role=\"status\" aria-live=\"polite\" aria-atomic=\"true\"><\/p> <ul><\/ul><\/div>\n<form action=\"\/fr\/wp-json\/wp\/v2\/pages\/1516#wpcf7-f1645-o1\" method=\"post\" class=\"wpcf7-form init\" aria-label=\"Contact form\" novalidate=\"novalidate\" data-status=\"init\">\n<fieldset class=\"hidden-fields-container\"><input type=\"hidden\" name=\"_wpcf7\" value=\"1645\" \/><input type=\"hidden\" name=\"_wpcf7_version\" value=\"6.1.5\" \/><input type=\"hidden\" name=\"_wpcf7_locale\" value=\"en_US\" \/><input type=\"hidden\" name=\"_wpcf7_unit_tag\" value=\"wpcf7-f1645-o1\" \/><input type=\"hidden\" name=\"_wpcf7_container_post\" value=\"0\" \/><input type=\"hidden\" name=\"_wpcf7_posted_data_hash\" value=\"\" \/><input type=\"hidden\" name=\"_wpcf7_recaptcha_response\" value=\"\" \/>\n<\/fieldset>\n<p>Nom (obligatoire)\n<\/p>\n<p><span class=\"wpcf7-form-control-wrap\" data-name=\"your-name\"><input size=\"40\" maxlength=\"400\" class=\"wpcf7-form-control wpcf7-text wpcf7-validates-as-required\" aria-required=\"true\" aria-invalid=\"false\" value=\"\" type=\"text\" name=\"your-name\" \/><\/span>\n<\/p>\n<p>Courriel (obligatoire)\n<\/p>\n<p><span class=\"wpcf7-form-control-wrap\" data-name=\"your-email\"><input size=\"40\" maxlength=\"400\" class=\"wpcf7-form-control wpcf7-email wpcf7-validates-as-required wpcf7-text wpcf7-validates-as-email\" aria-required=\"true\" aria-invalid=\"false\" value=\"\" type=\"email\" name=\"your-email\" \/><\/span>\n<\/p>\n<p>T\u00e9l\u00e9phone (obligatoire)\n<\/p>\n<p><span class=\"wpcf7-form-control-wrap\" data-name=\"telephone\"><input size=\"40\" maxlength=\"400\" class=\"wpcf7-form-control wpcf7-tel wpcf7-validates-as-required wpcf7-text wpcf7-validates-as-tel\" aria-required=\"true\" aria-invalid=\"false\" value=\"\" type=\"tel\" name=\"telephone\" \/><\/span>\n<\/p>\n<p>Message\n<\/p>\n<p><span class=\"wpcf7-form-control-wrap\" data-name=\"your-message\"><textarea cols=\"40\" rows=\"10\" maxlength=\"2000\" class=\"wpcf7-form-control wpcf7-textarea\" aria-invalid=\"false\" name=\"your-message\"><\/textarea><\/span>\n<\/p>\n<p><input class=\"wpcf7-form-control wpcf7-submit has-spinner\" type=\"submit\" value=\"Envoyez\" \/>\n<\/p><div class=\"wpcf7-response-output\" aria-hidden=\"true\"><\/div>\n<\/form>\n<\/div>\n\n<\/div>\n<hr \/>\n<div class=\"group\">\n<div class=\"half half-form\">\n<h2>Directions<\/h2>\n<h3>En automobile, d&#8217;Ottawa et plus loin encore<\/h3>\n<p>Lorsque vous voyagez vers l\u2019est ou vers l\u2019ouest sur la 417 \u00e0 Ottawa, sortez \u00e0 la rue Nicholas et suivez les indications vers Gatineau (\u00e0 droite sur Rideau, \u00e0 gauche sur King Edward).\u00a0 Traversez le pont Cartier-Macdonald et suivez l\u2019Autoroute 5 vers le nord (vers Maniwaki).\u00a0 Environ 30 km plus loin, prenez la Sortie 28 (La P\u00eache) et suivez les indications pour Wakefield \u00e0 la sortie.\u00a0 Suivez le carrefour giratoire jusqu\u2019au Chemin Valley; tournez \u00e0 gauche sur Chemin Riverside lorsque vous arrivez au bout du chemin Valley.\u00a0 Le manoir Les Trois \u00c9rables est situ\u00e9 au coin de ch Burnside, \u00e0 environ 700 m \u00e0 votre gauche. \u00a0Environ 20 minutes depuis le pont Macdonald-Cartier.<\/p>\n<h3 class=\"group\">En automobile, de Montr\u00e9al<\/h3>\n<p>Suivez l\u2019Autoroute 50 en direction ouest; sortez \u00e0 Gatineau pour prendre l\u2019Autoroute 5 direction nord (vers Maniwaki); puis, suivez les directives pr\u00e9sent\u00e9es ci-haut.<\/p>\n<p><strong>Si vous devez louer une automobile, nous vous aiderons avec plaisir.<\/strong><\/p>\n<h3>Par autobus Transcollines<\/h3>\n<p>Service de bus local entre Wakefield et Gatineau, avec connexion aux syst\u00e8mes de transport de Gatineau et d&#8217;Ottawa. \u00a0Plusieurs bus par jour, du lundi au vendredi. V\u00e9rifiez \u00e0 <a href=\"http:\/\/transcollines.ca\" target=\"_blank\" rel=\"noopener noreferrer\">transcollines.ca<\/a>.<\/p>\n<\/div>\n<\/div>\n","protected":false},"excerpt":{"rendered":"<p>Emplacement Les Trois \u00c9rables 801 ch Riverside Wakefield (Qu\u00e9bec) Canada J0X 3G0 T\u00e9l\u00e9phone : 819-459-1118 reservations@lestroiserables.com www.lestroiserables.com R\u00e9servations Veuillez consulter le calendrier pour obtenir la disponibilit\u00e9 de la chambre ou des chambres que vous aimeriez r\u00e9server.\u00a0 Puis, appelez ou envoyez &hellip; <br \/><a href=\"https:\/\/lestroiserables.com\/fr\/nous-joindre\/\" class=\"more-link\">En savoir plus<span class=\"meta-nav\">&nbsp;\u00bb<\/span><\/a><\/p>\n","protected":false},"author":6,"featured_media":0,"parent":0,"menu_order":8,"comment_status":"closed","ping_status":"closed","template":"","meta":{"nf_dc_page":"","footnotes":""},"class_list":["post-1516","page","type-page","status-publish","hentry"],"_links":{"self":[{"href":"https:\/\/lestroiserables.com\/fr\/wp-json\/wp\/v2\/pages\/1516","targetHints":{"allow":["GET"]}}],"collection":[{"href":"https:\/\/lestroiserables.com\/fr\/wp-json\/wp\/v2\/pages"}],"about":[{"href":"https:\/\/lestroiserables.com\/fr\/wp-json\/wp\/v2\/types\/page"}],"author":[{"embeddable":true,"href":"https:\/\/lestroiserables.com\/fr\/wp-json\/wp\/v2\/users\/6"}],"replies":[{"embeddable":true,"href":"https:\/\/lestroiserables.com\/fr\/wp-json\/wp\/v2\/comments?post=1516"}],"version-history":[{"count":15,"href":"https:\/\/lestroiserables.com\/fr\/wp-json\/wp\/v2\/pages\/1516\/revisions"}],"predecessor-version":[{"id":3178,"href":"https:\/\/lestroiserables.com\/fr\/wp-json\/wp\/v2\/pages\/1516\/revisions\/3178"}],"wp:attachment":[{"href":"https:\/\/lestroiserables.com\/fr\/wp-json\/wp\/v2\/media?parent=1516"}],"curies":[{"name":"wp","href":"https:\/\/api.w.org\/{rel}","templated":true}]}}