{"id":1520,"date":"2015-11-05T09:52:49","date_gmt":"2015-11-05T14:52:49","guid":{"rendered":"https:\/\/wakefieldboutiqueinn.com\/fr\/?page_id=1520"},"modified":"2023-05-06T10:44:55","modified_gmt":"2023-05-06T14:44:55","slug":"nos-politiques","status":"publish","type":"page","link":"https:\/\/lestroiserables.com\/fr\/nos-politiques\/","title":{"rendered":"Nos politiques"},"content":{"rendered":"<h2>R\u00e9servations<\/h2>\n<p>Nous confirmons les r\u00e9servations par t\u00e9l\u00e9phone avec une carte de cr\u00e9dit, et en ce moment nous prendrons quelques informations g\u00e9n\u00e9rales (par ex, heure d&#8217;arriv\u00e9e, allergies alimentaires) pour nous assurer que nous sommes pr\u00eats \u00e0 offrir un maximum d&#8217;hospitalit\u00e9 pour votre s\u00e9jour. Nous comprenons que des \u00e9v\u00e9nements impr\u00e9vus surviennent, et nous fournirons donc des remboursements complets, moins des frais d&#8217;administration de 30 $ par chambre\/par nuit, pour les annulations effectu\u00e9es plus de sept jours avant la date r\u00e9serv\u00e9e. Les annulations effectu\u00e9es sept jours ou moins seront soumises \u00e0 la charge compl\u00e8te de la chambre, sauf si nous sommes en mesure de louer la chambre, auquel cas nous vous rembourserons int\u00e9gralement moins les frais d&#8217;administration. Des r\u00e8gles diff\u00e9rentes s&#8217;appliquent pour les r\u00e9servations de groupe (trois chambres ou plus) &#8211; veuillez appeler pour plus de d\u00e9tails.\u00a0 Cette politique ne s&#8217;applique pas aux r\u00e9servations effectu\u00e9es en ligne &#8211; veuillez vous adresser \u00e0 l&#8217;agence de r\u00e9servation concern\u00e9e.<\/p>\n<h2>Check-in\/check-out<\/h2>\n<p>Le check-in est entre 16h00 \u00e0 18h00 chaque jour et nous serons disponibles pour vous accueillir \u00e0 ce moment-l\u00e0.\u00a0 Le check-in automatique sans contact est disponible et, si cela vous convient, des informations vous seront fournies avant votre arriv\u00e9e (par exemple, code de la porte et autres informations utiles). Pendant votre s\u00e9jour, nous sommes toujours joignables par message pour toute question ou service de conciergerie dont vous pourriez avoir besoin. L&#8217;heure de d\u00e9part est 11h00.<\/p>\n<h2>Tarifs<\/h2>\n<p>Nos tarifs sont bas\u00e9s sur une occupation double. Les personnes suppl\u00e9mentaires seront factur\u00e9es un suppl\u00e9ment de 50 $ chacune par nuit. Nous exigeons un s\u00e9jour minimum de deux nuits, mais une nuit est permise lorsqu&#8217;elle est disponible moyennant le paiement d&#8217;un suppl\u00e9ment de 30 $.<\/p>\n<h2>Petit-d\u00e9jeuner<\/h2>\n<p>Normalement, le petit-d\u00e9jeuner chaud \u00e0 trois plats est fra\u00eechement servi dans la salle \u00e0 manger \u00e0 9h00 chaque matin (9h30 le dimanche). Des exceptions peuvent \u00eatre faites pour les groupes qui occupent toute la maison. Si vous devez commencer votre journ\u00e9e t\u00f4t ou tard, faites-le nous savoir et nous nous ferons un plaisir de vous pr\u00e9parer un petit-d\u00e9jeuner \u00e0 emporter.<\/p>\n<p>Pour le moment, nous n&#8217;offrons pas notre petit-d\u00e9jeuner\u00a0 dans la salle \u00e0 manger. Nous comprenons que nos d\u00e9jeuners font partie de l&#8217;exp\u00e9rience \u00e0 Les Trois \u00c9rables, cependant, et nous continuons donc \u00e0 offrir nos d\u00e9jeuners-en-bo\u00eete populaires et \u00e9l\u00e9gants &#8220;\u00e0 emporter&#8221; avec jus, fruits frais, yaourt, p\u00e2tisseries maison, plat d&#8217;\u0153ufs etc. Le co\u00fbt est de 18 $ par personne pour un petit-d\u00e9jeuner complet. Le petit-d\u00e9jeuner peut \u00eatre d\u00e9gust\u00e9 o\u00f9 vous le souhaitez &#8211; sur notre v\u00e9randa, dans les jardins ou dans votre chambre. Et du caf\u00e9 gratuit est toujours disponible dans votre chambre!<\/p>\n<h2>Enfants<\/h2>\n<p>Nous nous effor\u00e7ons d&#8217;\u00eatre un \u00e9tablissement ax\u00e9 sur les adultes qui offre un environnement tranquille et relaxant pour nos clients, et nous devons vous aviser que les enfants de moins de 12 ne sont pas autoris\u00e9s.<\/p>\n<h2>Animaux<\/h2>\n<p>Nous aimons les animaux, mais par souci de nos clients qui peuvent souffrir d&#8217;allergies, nous devons vous aviser que les animaux domestiques ne sont pas autoris\u00e9s. (Divulgation: nous avons deux petits chiens de la n\u00f4tre, mais ils sont hypoallerg\u00e9niques et restent dans notre salon priv\u00e9.)<\/p>\n<h2>Fumer<\/h2>\n<p>Nous sommes un \u00e9tablissement non-fumeur.<\/p>\n<h2>Hygi\u00e8ne<\/h2>\n<p>Toutes les chambres et les espaces communs sont nettoy\u00e9s en profondeur avant votre enregistrement, en utilisant des d\u00e9sinfectants sur toutes les surfaces et poign\u00e9es de porte. Nous n&#8217;entrons pas dans votre chambre pendant votre s\u00e9jour sauf en cas d&#8217;urgence, mais nous vous laissons des serviettes propres, etc. \u00e0 l&#8217;ext\u00e9rieur de votre chambre. Des purificateurs d&#8217;air \u00e0 filtre Hepa sont situ\u00e9s dans toutes les chambres. Les espaces communs, y compris toutes les surfaces et les poign\u00e9es de porte, sont nettoy\u00e9es quotidiennement. Et pour plus de s\u00e9curit\u00e9, des lingettes d\u00e9sinfectantes sont mises \u00e0 votre disposition \u00e0 tout moment dans toutes les chambres et espaces communs. Nous vous demandons d&#8217;enlever vos chaussures et d&#8217;utiliser le d\u00e9sinfectant pour les mains fourni \u00e0 l&#8217;entr\u00e9e. Veuillez porter un masque dans toutes les zones communes \u00e0 l&#8217;int\u00e9rieur des Trois \u00c9rables. Et veuillez garder une distance sociale appropri\u00e9e (2 m) avec les autres \u00e0 l&#8217;int\u00e9rieur.<\/p>\n","protected":false},"excerpt":{"rendered":"<p>R\u00e9servations Nous confirmons les r\u00e9servations par t\u00e9l\u00e9phone avec une carte de cr\u00e9dit, et en ce moment nous prendrons quelques informations g\u00e9n\u00e9rales (par ex, heure d&#8217;arriv\u00e9e, allergies alimentaires) pour nous assurer que nous sommes pr\u00eats \u00e0 offrir un maximum d&#8217;hospitalit\u00e9 pour &hellip; <br \/><a href=\"https:\/\/lestroiserables.com\/fr\/nos-politiques\/\" class=\"more-link\">En savoir plus<span class=\"meta-nav\">&nbsp;\u00bb<\/span><\/a><\/p>\n","protected":false},"author":6,"featured_media":0,"parent":0,"menu_order":10,"comment_status":"closed","ping_status":"closed","template":"","meta":{"nf_dc_page":"","footnotes":""},"class_list":["post-1520","page","type-page","status-publish","hentry"],"_links":{"self":[{"href":"https:\/\/lestroiserables.com\/fr\/wp-json\/wp\/v2\/pages\/1520","targetHints":{"allow":["GET"]}}],"collection":[{"href":"https:\/\/lestroiserables.com\/fr\/wp-json\/wp\/v2\/pages"}],"about":[{"href":"https:\/\/lestroiserables.com\/fr\/wp-json\/wp\/v2\/types\/page"}],"author":[{"embeddable":true,"href":"https:\/\/lestroiserables.com\/fr\/wp-json\/wp\/v2\/users\/6"}],"replies":[{"embeddable":true,"href":"https:\/\/lestroiserables.com\/fr\/wp-json\/wp\/v2\/comments?post=1520"}],"version-history":[{"count":31,"href":"https:\/\/lestroiserables.com\/fr\/wp-json\/wp\/v2\/pages\/1520\/revisions"}],"predecessor-version":[{"id":3183,"href":"https:\/\/lestroiserables.com\/fr\/wp-json\/wp\/v2\/pages\/1520\/revisions\/3183"}],"wp:attachment":[{"href":"https:\/\/lestroiserables.com\/fr\/wp-json\/wp\/v2\/media?parent=1520"}],"curies":[{"name":"wp","href":"https:\/\/api.w.org\/{rel}","templated":true}]}}