{"id":3331,"date":"2024-05-08T23:39:18","date_gmt":"2024-05-09T03:39:18","guid":{"rendered":"https:\/\/lestroiserables.com\/welcome-new\/"},"modified":"2026-05-04T08:35:19","modified_gmt":"2026-05-04T12:35:19","slug":"welcome-2","status":"publish","type":"page","link":"https:\/\/lestroiserables.com\/fr\/","title":{"rendered":"Welcome"},"content":{"rendered":"<h2 style=\"font-weight: 400;\"><em><strong>Printemps 2026<\/strong><\/em><\/h2>\n<p>Le beau temps arrive! Venez profiter de Wakefield et les collines de la Gatineau, o\u00f9 la nature se pare de vert. Notre sc\u00e8ne musicale et artistique fait de nous une destination incontournable: la Maison Earle, le Kaffe 1870, le Motel Chelsea, Le Hibou et (oui, il est de retour!) le Mouton Noir offrent tous des spectacles de renom. Vous trouverez aussi d&#8217;excellents restaurants et boutiques. Ou tout simplement, d\u00e9tendez-vous avec un verre de vin et admirez la vue depuis notre magnifique v\u00e9randa. Pourquoi pas dans notre bain tourbillon? Wakefield et Les Trois \u00c9rables sont votre escapade parfaite!<\/p>\n<p>Nous continuons d&#8217;offrir les populaires petits-d\u00e9jeuners gastronomiques de Shana en bo\u00eete \u00e0 un prix raisonnable. Et \u00e0 noter: nous avons des chargeurs rapides disponibles pour vos v\u00e9hicules \u00e9lectriques! Il y a un s\u00e9jour minimum de deux nuits, bien que des s\u00e9jours d&#8217;une nuit soient possibles avec une prime de 30$. Veuillez consulter nos <a href=\"https:\/\/lestroiserables.com\/our-policies-2\/\">Politiques<\/a> pour plus de d\u00e9tails.<\/p>\n<p>Au plaisir de vous accueillir \u00e0 nouveau \u00e0 Les Trois Erables!<\/p>\n<p><strong>N&#8217;OUBLIEZ PAS NOS ATTRACTIFS CERTIFICATS CADEAUX &#8211; LE CADEAU ID\u00c9AL!<\/strong><\/p>\n<p><img decoding=\"async\" loading=\"lazy\" class=\"alignnone size-full wp-image-3580\" src=\"https:\/\/lestroiserables.com\/wp-content\/uploads\/2025\/12\/20251227_113247-1-scaled.webp\" alt=\"\" width=\"2560\" height=\"1153\" srcset=\"https:\/\/lestroiserables.com\/wp-content\/uploads\/2025\/12\/20251227_113247-1-scaled.webp 2560w, https:\/\/lestroiserables.com\/wp-content\/uploads\/2025\/12\/20251227_113247-1-540x243.webp 540w, https:\/\/lestroiserables.com\/wp-content\/uploads\/2025\/12\/20251227_113247-1-1124x506.webp 1124w, https:\/\/lestroiserables.com\/wp-content\/uploads\/2025\/12\/20251227_113247-1-1536x692.webp 1536w, https:\/\/lestroiserables.com\/wp-content\/uploads\/2025\/12\/20251227_113247-1-2048x922.webp 2048w, https:\/\/lestroiserables.com\/wp-content\/uploads\/2025\/12\/20251227_113247-1-350x158.webp 350w\" sizes=\"auto, (max-width: 2560px) 100vw, 2560px\" \/><\/p>\n<p><em><strong>Votre escapade vous attend!<\/strong><\/em><\/p>\n<p>___________________________<\/p>\n<p>L&#8217;histoire, le confort et l&#8217;\u00e9l\u00e9gance se r\u00e9unissent dans cette grande auberge patrimoniale construite en 1896 et situ\u00e9e juste en face de la rivi\u00e8re Gatineau, au c\u0153ur du pittoresque Wakefield, au Qu\u00e9bec, \u00e0 vingt minutes de route au nord d&#8217;Ottawa-Gatineau.<\/p>\n<p>Les Trois \u00c9rables ont \u00e9t\u00e9 construits par un \u00e9minent m\u00e9decin local il y a plus de 125 ans avec des chambres majestueuses et des jardins tranquilles. C&#8217;est maintenant une auberge \u00e9l\u00e9gante id\u00e9ale pour votre visite, que vous soyez ici pour vous \u00e9vader et vous d\u00e9tendre quelques jours, ou pour participer aux nombreuses activit\u00e9s qu&#8217;offrent Wakefield et ses environs.<\/p>\n<p>Wakefield est un endroit sp\u00e9cial et vous comprendrez pourquoi. Un peu boh\u00e8me, tr\u00e8s artistique, entour\u00e9 par la nature: c&#8217;est un village au bord d&#8217;une rivi\u00e8re nich\u00e9 au milieu de collines luxuriantes qui ressemble beaucoup \u00e0 ce qu&#8217;il \u00e9tait il y a un si\u00e8cle. Avec plusieurs excellents restaurants et bars, une culture et des divertissements qui font l&#8217;envie des centres beaucoup plus grands et de nombreuses activit\u00e9s de plein air dans la r\u00e9gion \u2013 comment ne pas aimer?<\/p>\n<p>Un v\u00e9ritable esprit communautaire r\u00e8gne ici et les visiteurs d\u00e9couvrent un charme ind\u00e9finissable lorsqu&#8217;ils s&#8217;y prom\u00e8nent. Et Les Trois \u00c9rables se trouve au milieu de tout cela !<\/p>\n<p>Votre escapade vous attend. Au plaisir!<\/p>\n<p>Vos h\u00f4tes, Shana and Bruce<\/p>\n<h3><em><strong>Explore Les Trois \u00c9rables with Google Virtual Tour!<\/strong><\/em><\/h3>\n<p><iframe loading=\"lazy\" style=\"border: 0; width: 100%;\" src=\"https:\/\/www.google.com\/maps\/embed?pb=!4v1514394144837!6m8!1m7!1sCAoSLEFGMVFpcE16cDFUZ1h4Tzc5alVfUXNPT1RBSzZBcWtrdnZ1eXBXV3U1dWJJ!2m2!1d45.64011119368531!2d-75.92903508886855!3f288.2952370159534!4f0!5f0.7820865974627469\" width=\"600\" height=\"450\" frameborder=\"0\" allowfullscreen=\"allowfullscreen\"><\/iframe><\/p>\n<h2>Formulaire de contact<\/h2>\n\n<div class=\"wpcf7 no-js\" id=\"wpcf7-f901-o1\" lang=\"en-US\" dir=\"ltr\" data-wpcf7-id=\"901\">\n<div class=\"screen-reader-response\"><p role=\"status\" aria-live=\"polite\" aria-atomic=\"true\"><\/p> <ul><\/ul><\/div>\n<form action=\"\/fr\/wp-json\/wp\/v2\/pages\/3331#wpcf7-f901-o1\" method=\"post\" class=\"wpcf7-form init\" aria-label=\"Contact form\" novalidate=\"novalidate\" data-status=\"init\">\n<fieldset class=\"hidden-fields-container\"><input type=\"hidden\" name=\"_wpcf7\" value=\"901\" \/><input type=\"hidden\" name=\"_wpcf7_version\" value=\"6.1.5\" \/><input type=\"hidden\" name=\"_wpcf7_locale\" value=\"en_US\" \/><input type=\"hidden\" name=\"_wpcf7_unit_tag\" value=\"wpcf7-f901-o1\" \/><input type=\"hidden\" name=\"_wpcf7_container_post\" value=\"0\" \/><input type=\"hidden\" name=\"_wpcf7_posted_data_hash\" value=\"\" \/><input type=\"hidden\" name=\"_wpcf7_recaptcha_response\" value=\"\" \/>\n<\/fieldset>\n<p>Your Name (required)\n<\/p>\n<p><span class=\"wpcf7-form-control-wrap\" data-name=\"your-name\"><input size=\"40\" maxlength=\"400\" class=\"wpcf7-form-control wpcf7-text wpcf7-validates-as-required\" aria-required=\"true\" aria-invalid=\"false\" value=\"\" type=\"text\" name=\"your-name\" \/><\/span>\n<\/p>\n<p>Your Email (required)\n<\/p>\n<p><span class=\"wpcf7-form-control-wrap\" data-name=\"your-email\"><input size=\"40\" maxlength=\"400\" class=\"wpcf7-form-control wpcf7-email wpcf7-validates-as-required wpcf7-text wpcf7-validates-as-email\" aria-required=\"true\" aria-invalid=\"false\" value=\"\" type=\"email\" name=\"your-email\" \/><\/span>\n<\/p>\n<p>Your Phone (required)\n<\/p>\n<p><span class=\"wpcf7-form-control-wrap\" data-name=\"telephone\"><input size=\"40\" maxlength=\"400\" class=\"wpcf7-form-control wpcf7-tel wpcf7-validates-as-required wpcf7-text wpcf7-validates-as-tel\" aria-required=\"true\" aria-invalid=\"false\" value=\"\" type=\"tel\" name=\"telephone\" \/><\/span>\n<\/p>\n<p>Your Message\n<\/p>\n<p><span class=\"wpcf7-form-control-wrap\" data-name=\"your-message\"><textarea cols=\"40\" rows=\"10\" maxlength=\"2000\" class=\"wpcf7-form-control wpcf7-textarea\" aria-invalid=\"false\" name=\"your-message\"><\/textarea><\/span>\n<\/p>\n<p><input class=\"wpcf7-form-control wpcf7-submit has-spinner\" type=\"submit\" value=\"Send\" \/>\n<\/p><div class=\"wpcf7-response-output\" aria-hidden=\"true\"><\/div>\n<\/form>\n<\/div>\n\n","protected":false},"excerpt":{"rendered":"<p>Printemps 2026 Le beau temps arrive! Venez profiter de Wakefield et les collines de la Gatineau, o\u00f9 la nature se pare de vert. Notre sc\u00e8ne musicale et artistique fait de nous une destination incontournable: la Maison Earle, le Kaffe 1870, &hellip; <br \/><a href=\"https:\/\/lestroiserables.com\/fr\/\" class=\"more-link\">En savoir plus<span class=\"meta-nav\">&nbsp;\u00bb<\/span><\/a><\/p>\n","protected":false},"author":5,"featured_media":2696,"parent":0,"menu_order":1,"comment_status":"closed","ping_status":"closed","template":"front-page.php","meta":{"nf_dc_page":"","footnotes":""},"class_list":["post-3331","page","type-page","status-publish","has-post-thumbnail","hentry"],"_links":{"self":[{"href":"https:\/\/lestroiserables.com\/fr\/wp-json\/wp\/v2\/pages\/3331","targetHints":{"allow":["GET"]}}],"collection":[{"href":"https:\/\/lestroiserables.com\/fr\/wp-json\/wp\/v2\/pages"}],"about":[{"href":"https:\/\/lestroiserables.com\/fr\/wp-json\/wp\/v2\/types\/page"}],"author":[{"embeddable":true,"href":"https:\/\/lestroiserables.com\/fr\/wp-json\/wp\/v2\/users\/5"}],"replies":[{"embeddable":true,"href":"https:\/\/lestroiserables.com\/fr\/wp-json\/wp\/v2\/comments?post=3331"}],"version-history":[{"count":25,"href":"https:\/\/lestroiserables.com\/fr\/wp-json\/wp\/v2\/pages\/3331\/revisions"}],"predecessor-version":[{"id":3590,"href":"https:\/\/lestroiserables.com\/fr\/wp-json\/wp\/v2\/pages\/3331\/revisions\/3590"}],"wp:featuredmedia":[{"embeddable":true,"href":"https:\/\/lestroiserables.com\/fr\/wp-json\/wp\/v2\/media\/2696"}],"wp:attachment":[{"href":"https:\/\/lestroiserables.com\/fr\/wp-json\/wp\/v2\/media?parent=3331"}],"curies":[{"name":"wp","href":"https:\/\/api.w.org\/{rel}","templated":true}]}}